{"id":114,"date":"2025-12-12T14:31:26","date_gmt":"2025-12-12T13:31:26","guid":{"rendered":"https:\/\/awenne.famille-somers.be\/?page_id=114"},"modified":"2025-12-12T14:36:59","modified_gmt":"2025-12-12T13:36:59","slug":"adr-commerces","status":"publish","type":"page","link":"http:\/\/awenne.famille-somers.be\/index.php\/adr-commerces\/","title":{"rendered":"Commerces \u00e0 proximit\u00e9 du chalet"},"content":{"rendered":"\n<h5 class=\"wp-block-heading\">(voir Facebook pour les coordonn\u00e9es et horaires d\u2019ouverture)<\/h5>\n\n\n\n<ul class=\"wp-block-list\">\n<li><strong>Ambly&nbsp;<\/strong>(11km, 15\u2019)<ul><li>Fromagerie Les saveurs du pays de Marche : fromages au lait cru&nbsp;<\/li><\/ul>\n<ul class=\"wp-block-list\">\n<li>Brasserie Saint Monon<\/li>\n<\/ul>\n<\/li>\n\n\n\n<li><strong>Forri\u00e8res&nbsp;<\/strong>(8,8 km, 11\u2019)<ul><li>\u00c9picerie<\/li><\/ul>\n<ul class=\"wp-block-list\">\n<li>Pharmacie<\/li>\n<\/ul>\n<\/li>\n\n\n\n<li><strong>Libramont-Recogne<\/strong>\n<ul class=\"wp-block-list\">\n<li>tous commerces et grandes surfaces<\/li>\n\n\n\n<li>pompes \u00e0 essence<\/li>\n<\/ul>\n<\/li>\n\n\n\n<li><strong>Masbourg&nbsp;<\/strong>(5,1 km, 8\u2019)\n<ul class=\"wp-block-list\">\n<li>P\u00eacherie de la Masblette : vente de truites&nbsp;<\/li>\n<\/ul>\n<\/li>\n\n\n\n<li><strong>Nassogne&nbsp;<\/strong>(8,6 km, 14\u2019)<ul><li>Boucherie Magerotte : boucherie \u00e0 la ferme \u2013 tr\u00e8s grand choix \u2013 sp\u00e9cialit\u00e9 porc des prairies d\u2019Ardennes \u2013 gibier \u00e9thique&nbsp;<\/li><\/ul><ul><li>Boulangerie Pierrard Claude&nbsp;<\/li><\/ul><ul><li>Epicerie Spar<\/li><\/ul><ul><li>Pharmacie<\/li><\/ul>\n<ul class=\"wp-block-list\">\n<li>Epicerie coop\u00e9rative La Mauvaise Herbe<\/li>\n<\/ul>\n<\/li>\n\n\n\n<li><strong>Rochefort&nbsp;<\/strong>(17 km, 22\u2019)<ul><li>Tous commerces et grandes surfaces<\/li><\/ul><ul><li>Pompes \u00e0 essence<\/li><\/ul>\n<ul class=\"wp-block-list\">\n<li>Brasserie de la Lesse : rue de Treux 43 \u00e0 5580 Eprave<\/li>\n<\/ul>\n<\/li>\n<\/ul>\n\n\n\n<ul class=\"wp-block-list\">\n<li><strong>Saint-Hubert&nbsp;<\/strong>(12 km, 22\u2019)<ul><li>Aldi, Lidl<\/li><\/ul><ul><li>Carrefour Market&nbsp;<\/li><\/ul><ul><li>Dema : bricolage, mat\u00e9riaux<\/li><\/ul><ul><li>Trafic (ouvert le dimanche toute la journ\u00e9e)<\/li><\/ul><ul><li>Patisserie Arnould : bons pains sp\u00e9ciaux (diff\u00e9rents en fonction des jours) et bons pistolets&nbsp;<\/li><\/ul><ul><li>Pharmacie<\/li><\/ul><ul><li>Essence&nbsp;<\/li><\/ul><ul><li>Boucherie Beno\u00eet Gillard (\u00e0 c\u00f4t\u00e9 de la basilique)&nbsp;<\/li><\/ul>\n<ul class=\"wp-block-list\">\n<li>Gilles Nicolas&nbsp;: Jardinerie, produits bios et locaux&nbsp;(farines, bi\u00e8res, th\u00e9s \u2026)<br><\/li>\n<\/ul>\n<\/li>\n<\/ul>\n\n\n\n<ul class=\"wp-block-list\">\n<li><strong>Tellin&nbsp;<\/strong>(12 km, 16\u2019)<ul><li>Epicerie&nbsp;<\/li><\/ul><ul><li>Boulangerie Delhaye&nbsp;<\/li><\/ul>\n<ul class=\"wp-block-list\">\n<li>Fruits &amp; l\u00e9gumes bio \u2013 Les jardins de Catherine&nbsp;<\/li>\n<\/ul>\n<\/li>\n<\/ul>\n","protected":false},"excerpt":{"rendered":"<p>(voir Facebook pour les coordonn\u00e9es et horaires d\u2019ouverture)<\/p>\n","protected":false},"author":1,"featured_media":0,"parent":0,"menu_order":0,"comment_status":"closed","ping_status":"closed","template":"","meta":{"_kadence_starter_templates_imported_post":false,"_kad_post_transparent":"","_kad_post_title":"","_kad_post_layout":"","_kad_post_sidebar_id":"","_kad_post_content_style":"","_kad_post_vertical_padding":"","_kad_post_feature":"","_kad_post_feature_position":"","_kad_post_header":false,"_kad_post_footer":false,"_kad_post_classname":"","footnotes":""},"class_list":["post-114","page","type-page","status-publish","hentry"],"_links":{"self":[{"href":"http:\/\/awenne.famille-somers.be\/index.php\/wp-json\/wp\/v2\/pages\/114","targetHints":{"allow":["GET"]}}],"collection":[{"href":"http:\/\/awenne.famille-somers.be\/index.php\/wp-json\/wp\/v2\/pages"}],"about":[{"href":"http:\/\/awenne.famille-somers.be\/index.php\/wp-json\/wp\/v2\/types\/page"}],"author":[{"embeddable":true,"href":"http:\/\/awenne.famille-somers.be\/index.php\/wp-json\/wp\/v2\/users\/1"}],"replies":[{"embeddable":true,"href":"http:\/\/awenne.famille-somers.be\/index.php\/wp-json\/wp\/v2\/comments?post=114"}],"version-history":[{"count":2,"href":"http:\/\/awenne.famille-somers.be\/index.php\/wp-json\/wp\/v2\/pages\/114\/revisions"}],"predecessor-version":[{"id":128,"href":"http:\/\/awenne.famille-somers.be\/index.php\/wp-json\/wp\/v2\/pages\/114\/revisions\/128"}],"wp:attachment":[{"href":"http:\/\/awenne.famille-somers.be\/index.php\/wp-json\/wp\/v2\/media?parent=114"}],"curies":[{"name":"wp","href":"https:\/\/api.w.org\/{rel}","templated":true}]}}