{"id":152,"date":"2025-12-12T16:21:30","date_gmt":"2025-12-12T15:21:30","guid":{"rendered":"https:\/\/awenne.famille-somers.be\/?page_id=152"},"modified":"2025-12-12T16:21:30","modified_gmt":"2025-12-12T15:21:30","slug":"poubelles","status":"publish","type":"page","link":"http:\/\/awenne.famille-somers.be\/index.php\/poubelles\/","title":{"rendered":"Poubelles"},"content":{"rendered":"\n<p>Tri \u00e0 la cave, en-dessous de l\u2019escalier :<\/p>\n\n\n\n<ul class=\"wp-block-list\">\n<li>Papier, carton,<\/li>\n\n\n\n<li>Verres : rincer les bocaux pour retirer tout reste de nourriture (souris)<\/li>\n\n\n\n<li>PMC, conserves, emballages plastiques \u2026 : sac bleu (sous l\u2019\u00e9vier-2<sup>\u00e8me<\/sup>\u00a0bac)<\/li>\n\n\n\n<li>Compost dans le jardin (petite poubelle noire \u00e0 la cuisine)<\/li>\n\n\n\n<li>D\u00e9chets r\u00e9siduaires : sous l\u2019\u00e9vier (1<sup>er<\/sup>\u00a0bac), \u00e0 reprendre avec soi \u00e0 la fin du s\u00e9jour<\/li>\n<\/ul>\n\n\n\n<p>Si pr\u00e9sence le mercredi et le jeudi&nbsp;:&nbsp;<\/p>\n\n\n\n<p>Mettre les sacs poubelles r\u00e9siduaires dans le container gris qui se trouve en-dessous de la terrasse et sortir la poubelle le mercredi soir, le long de la route pr\u00e8s de la bo\u00eete aux lettres \u2013 passage du camion poubelles (Saint-Hubert)&nbsp;le jeudi&nbsp;(parfois tard, en d\u00e9but d\u2019apr\u00e8s-midi).<\/p>\n\n\n\n<p>Si pr\u00e9sence le mardi et le mercredi&nbsp;:&nbsp;<\/p>\n\n\n\n<p>Si le sac PMC est rempli, le mettre le long de la route, pr\u00e8s de la bo\u00eete aux lettres. Attention v\u00e9rifier qu\u2019il s\u2019agit d\u2019un sac Idelux (et non Interza) (les sacs sont dans le tiroir de la petite table dans la cave pr\u00e8s des poubelles PMC (sac Idelux) &#8211;&nbsp;&nbsp;passage du camion poubelles (Nassogne) le&nbsp;mercredi&nbsp;1 semaine sur 2<\/p>\n\n\n\n<p><\/p>\n","protected":false},"excerpt":{"rendered":"<p>Tri \u00e0 la cave, en-dessous de l\u2019escalier : Si pr\u00e9sence le mercredi et le jeudi&nbsp;:&nbsp; Mettre les sacs poubelles r\u00e9siduaires dans le container gris qui se trouve en-dessous de la terrasse et sortir la poubelle le mercredi soir, le long de la route pr\u00e8s de la bo\u00eete aux lettres \u2013 passage du camion poubelles (Saint-Hubert)&nbsp;le&#8230;<\/p>\n","protected":false},"author":1,"featured_media":0,"parent":0,"menu_order":0,"comment_status":"closed","ping_status":"closed","template":"","meta":{"_kadence_starter_templates_imported_post":false,"_kad_post_transparent":"","_kad_post_title":"","_kad_post_layout":"","_kad_post_sidebar_id":"","_kad_post_content_style":"","_kad_post_vertical_padding":"","_kad_post_feature":"","_kad_post_feature_position":"","_kad_post_header":false,"_kad_post_footer":false,"_kad_post_classname":"","footnotes":""},"class_list":["post-152","page","type-page","status-publish","hentry"],"_links":{"self":[{"href":"http:\/\/awenne.famille-somers.be\/index.php\/wp-json\/wp\/v2\/pages\/152","targetHints":{"allow":["GET"]}}],"collection":[{"href":"http:\/\/awenne.famille-somers.be\/index.php\/wp-json\/wp\/v2\/pages"}],"about":[{"href":"http:\/\/awenne.famille-somers.be\/index.php\/wp-json\/wp\/v2\/types\/page"}],"author":[{"embeddable":true,"href":"http:\/\/awenne.famille-somers.be\/index.php\/wp-json\/wp\/v2\/users\/1"}],"replies":[{"embeddable":true,"href":"http:\/\/awenne.famille-somers.be\/index.php\/wp-json\/wp\/v2\/comments?post=152"}],"version-history":[{"count":1,"href":"http:\/\/awenne.famille-somers.be\/index.php\/wp-json\/wp\/v2\/pages\/152\/revisions"}],"predecessor-version":[{"id":154,"href":"http:\/\/awenne.famille-somers.be\/index.php\/wp-json\/wp\/v2\/pages\/152\/revisions\/154"}],"wp:attachment":[{"href":"http:\/\/awenne.famille-somers.be\/index.php\/wp-json\/wp\/v2\/media?parent=152"}],"curies":[{"name":"wp","href":"https:\/\/api.w.org\/{rel}","templated":true}]}}