{"id":155,"date":"2025-12-12T16:23:18","date_gmt":"2025-12-12T15:23:18","guid":{"rendered":"https:\/\/awenne.famille-somers.be\/?page_id=155"},"modified":"2025-12-12T16:23:18","modified_gmt":"2025-12-12T15:23:18","slug":"cuisine","status":"publish","type":"page","link":"http:\/\/awenne.famille-somers.be\/index.php\/cuisine\/","title":{"rendered":"Cuisine"},"content":{"rendered":"\n<ul class=\"wp-block-list\">\n<li>Les modes d\u2019emploi des appareils \u00e9lectrom\u00e9nagers sont dans le tiroir du bas au fond de la cuisine<\/li>\n\n\n\n<li>Merci d\u2019\u00eatre attentifs \u00e0 ne pas laisser tra\u00eener des restes de nourriture ou de la vaisselle sale et de maintenir les plans de travail et de cuisson le plus propre possible, surtout en \u00e9t\u00e9, pour \u00e9viter la prolif\u00e9ration des mouches<\/li>\n\n\n\n<li>Porte\u00a0: lever la clinche pour la fermer\u00a0!<\/li>\n\n\n\n<li>En partant du chalet, laisser la porte du lave-vaisselle entrouverte avec un essuie de vaisselle ou des maniques<\/li>\n\n\n\n<li>LED sous les armoires du fond\u00a0: bouton tactile noir sous le meuble<ul><li>pousser 3 x pour \u00e9teindre (3 niveaux d\u2019\u00e9clairage)<\/li><\/ul><\/li>\n<\/ul>\n\n\n\n<p><\/p>\n","protected":false},"excerpt":{"rendered":"","protected":false},"author":1,"featured_media":0,"parent":0,"menu_order":0,"comment_status":"closed","ping_status":"closed","template":"","meta":{"_kadence_starter_templates_imported_post":false,"_kad_post_transparent":"","_kad_post_title":"","_kad_post_layout":"","_kad_post_sidebar_id":"","_kad_post_content_style":"","_kad_post_vertical_padding":"","_kad_post_feature":"","_kad_post_feature_position":"","_kad_post_header":false,"_kad_post_footer":false,"_kad_post_classname":"","footnotes":""},"class_list":["post-155","page","type-page","status-publish","hentry"],"_links":{"self":[{"href":"http:\/\/awenne.famille-somers.be\/index.php\/wp-json\/wp\/v2\/pages\/155","targetHints":{"allow":["GET"]}}],"collection":[{"href":"http:\/\/awenne.famille-somers.be\/index.php\/wp-json\/wp\/v2\/pages"}],"about":[{"href":"http:\/\/awenne.famille-somers.be\/index.php\/wp-json\/wp\/v2\/types\/page"}],"author":[{"embeddable":true,"href":"http:\/\/awenne.famille-somers.be\/index.php\/wp-json\/wp\/v2\/users\/1"}],"replies":[{"embeddable":true,"href":"http:\/\/awenne.famille-somers.be\/index.php\/wp-json\/wp\/v2\/comments?post=155"}],"version-history":[{"count":1,"href":"http:\/\/awenne.famille-somers.be\/index.php\/wp-json\/wp\/v2\/pages\/155\/revisions"}],"predecessor-version":[{"id":157,"href":"http:\/\/awenne.famille-somers.be\/index.php\/wp-json\/wp\/v2\/pages\/155\/revisions\/157"}],"wp:attachment":[{"href":"http:\/\/awenne.famille-somers.be\/index.php\/wp-json\/wp\/v2\/media?parent=155"}],"curies":[{"name":"wp","href":"https:\/\/api.w.org\/{rel}","templated":true}]}}