{"id":158,"date":"2025-12-12T16:24:00","date_gmt":"2025-12-12T15:24:00","guid":{"rendered":"https:\/\/awenne.famille-somers.be\/?page_id=158"},"modified":"2025-12-12T16:24:00","modified_gmt":"2025-12-12T15:24:00","slug":"chambres","status":"publish","type":"page","link":"http:\/\/awenne.famille-somers.be\/index.php\/chambres\/","title":{"rendered":"Chambres"},"content":{"rendered":"\n<p>Les couettes 1 personne sont dans l\u2019armoire de la chambre \u00ab&nbsp;oiseaux&nbsp;\u00bb<\/p>\n\n\n\n<p>Les couettes 2 personnes sont dans l\u2019armoire de la chambre \u00ab&nbsp;Roses&nbsp;\u00bb<\/p>\n\n\n\n<p>Dans la chambre \u00ab&nbsp;oiseaux&nbsp;\u00bb, il y a une plaque pour couvrir la vitre de porte. Elle s\u2019attache avec un scratch.<\/p>\n\n\n\n<p>Les rideaux sont occultants, sauf \u00e0 l\u2019\u00e9tage (possible de fermer les volets &#8211;&nbsp;&nbsp;pour la pi\u00e8ce au-dessus de la cuisine&nbsp;: une latte sur le c\u00f4t\u00e9 lat\u00e9ral de la fen\u00eatre, \u00e0 droite, permet de maintenir le volet l\u00e9g\u00e8rement ouvert).<\/p>\n\n\n\n<p>En partant, merci de remettre les couvre-lits sur les lits (protection contre les insectes notamment)<\/p>\n","protected":false},"excerpt":{"rendered":"<p>Les couettes 1 personne sont dans l\u2019armoire de la chambre \u00ab&nbsp;oiseaux&nbsp;\u00bb Les couettes 2 personnes sont dans l\u2019armoire de la chambre \u00ab&nbsp;Roses&nbsp;\u00bb Dans la chambre \u00ab&nbsp;oiseaux&nbsp;\u00bb, il y a une plaque pour couvrir la vitre de porte. Elle s\u2019attache avec un scratch. Les rideaux sont occultants, sauf \u00e0 l\u2019\u00e9tage (possible de fermer les volets &#8211;&nbsp;&nbsp;pour&#8230;<\/p>\n","protected":false},"author":1,"featured_media":0,"parent":0,"menu_order":0,"comment_status":"closed","ping_status":"closed","template":"","meta":{"_kadence_starter_templates_imported_post":false,"_kad_post_transparent":"","_kad_post_title":"","_kad_post_layout":"","_kad_post_sidebar_id":"","_kad_post_content_style":"","_kad_post_vertical_padding":"","_kad_post_feature":"","_kad_post_feature_position":"","_kad_post_header":false,"_kad_post_footer":false,"_kad_post_classname":"","footnotes":""},"class_list":["post-158","page","type-page","status-publish","hentry"],"_links":{"self":[{"href":"http:\/\/awenne.famille-somers.be\/index.php\/wp-json\/wp\/v2\/pages\/158","targetHints":{"allow":["GET"]}}],"collection":[{"href":"http:\/\/awenne.famille-somers.be\/index.php\/wp-json\/wp\/v2\/pages"}],"about":[{"href":"http:\/\/awenne.famille-somers.be\/index.php\/wp-json\/wp\/v2\/types\/page"}],"author":[{"embeddable":true,"href":"http:\/\/awenne.famille-somers.be\/index.php\/wp-json\/wp\/v2\/users\/1"}],"replies":[{"embeddable":true,"href":"http:\/\/awenne.famille-somers.be\/index.php\/wp-json\/wp\/v2\/comments?post=158"}],"version-history":[{"count":1,"href":"http:\/\/awenne.famille-somers.be\/index.php\/wp-json\/wp\/v2\/pages\/158\/revisions"}],"predecessor-version":[{"id":160,"href":"http:\/\/awenne.famille-somers.be\/index.php\/wp-json\/wp\/v2\/pages\/158\/revisions\/160"}],"wp:attachment":[{"href":"http:\/\/awenne.famille-somers.be\/index.php\/wp-json\/wp\/v2\/media?parent=158"}],"curies":[{"name":"wp","href":"https:\/\/api.w.org\/{rel}","templated":true}]}}