{"id":167,"date":"2025-12-12T16:27:32","date_gmt":"2025-12-12T15:27:32","guid":{"rendered":"https:\/\/awenne.famille-somers.be\/?page_id=167"},"modified":"2026-04-08T16:52:57","modified_gmt":"2026-04-08T14:52:57","slug":"electricite-2","status":"publish","type":"page","link":"http:\/\/awenne.famille-somers.be\/index.php\/electricite-2\/","title":{"rendered":"Electricit\u00e9"},"content":{"rendered":"\n<ul class=\"wp-block-list\">\n<li>panne ORES&nbsp;t\u00e9l.&nbsp;&nbsp;078&nbsp;78&nbsp;78&nbsp;00<\/li>\n\n\n\n<li>Il y a un disjoncteur triphas\u00e9 li\u00e9 au compteur calibr\u00e9 \u00e0 20A ! si on d\u00e9passe cette puissance (taques \u00e9lectriques \u00e0 induction), le g\u00e9n\u00e9ral saute (bouton jaune a repousser, utiliser moins de puissance au niveau des taques de cuisson.<\/li>\n\n\n\n<li>Le boitier \u00e9lectrique principal se trouve \u00e0 droite de la porte du garage.\u00a0<\/li>\n\n\n\n<li>Il y a un boitier \u00e9lectrique secondaire pour la cuisine\/salle de bain dans la cave de la chaudi\u00e8re.<\/li>\n\n\n\n<li>Si un disjoncteur d\u2019un circuit a saut\u00e9 (disjoncteur en position basse)\u00a0:<ul><li>r\u00e9gler la source du probl\u00e8me (p. ex. enlever la prise de l\u2019aspirateur)\u00a0;<\/li><\/ul>\n<ul class=\"wp-block-list\">\n<li>relever le disjoncteur.<\/li>\n<\/ul>\n<\/li>\n<\/ul>\n\n\n\n<figure class=\"wp-block-image size-large is-resized\"><img loading=\"lazy\" decoding=\"async\" width=\"768\" height=\"1024\" src=\"https:\/\/awenne.famille-somers.be\/wp-content\/uploads\/2026\/04\/compteur_awenne-768x1024.jpg\" alt=\"\" class=\"wp-image-294\" style=\"aspect-ratio:0.7500059066745423;width:344px;height:auto\" srcset=\"http:\/\/awenne.famille-somers.be\/wp-content\/uploads\/2026\/04\/compteur_awenne-768x1024.jpg 768w, http:\/\/awenne.famille-somers.be\/wp-content\/uploads\/2026\/04\/compteur_awenne-225x300.jpg 225w, http:\/\/awenne.famille-somers.be\/wp-content\/uploads\/2026\/04\/compteur_awenne-1152x1536.jpg 1152w, http:\/\/awenne.famille-somers.be\/wp-content\/uploads\/2026\/04\/compteur_awenne-1536x2048.jpg 1536w, http:\/\/awenne.famille-somers.be\/wp-content\/uploads\/2026\/04\/compteur_awenne-scaled.jpg 1920w\" sizes=\"auto, (max-width: 768px) 100vw, 768px\" \/><\/figure>\n\n\n\n<figure class=\"wp-block-image size-full\"><img loading=\"lazy\" decoding=\"async\" width=\"909\" height=\"483\" src=\"https:\/\/awenne.famille-somers.be\/wp-content\/uploads\/2025\/12\/tableaux-1.jpg\" alt=\"\" class=\"wp-image-231\" srcset=\"http:\/\/awenne.famille-somers.be\/wp-content\/uploads\/2025\/12\/tableaux-1.jpg 909w, http:\/\/awenne.famille-somers.be\/wp-content\/uploads\/2025\/12\/tableaux-1-300x159.jpg 300w, http:\/\/awenne.famille-somers.be\/wp-content\/uploads\/2025\/12\/tableaux-1-768x408.jpg 768w\" sizes=\"auto, (max-width: 909px) 100vw, 909px\" \/><figcaption class=\"wp-element-caption\">Screenshot<\/figcaption><\/figure>\n\n\n\n<h4 class=\"wp-block-heading\">Eclairage et prises ext\u00e9rieures<\/h4>\n\n\n\n<ul class=\"wp-block-list\">\n<li>Lampe ext\u00e9rieure du garage\n<ul class=\"wp-block-list\">\n<li>Cette lampe est command\u00e9e par l&rsquo;interrupteur pr\u00e8s de la porte de garage, au centre (t\u00e9moin bleu allum\u00e9)<\/li>\n<\/ul>\n<\/li>\n\n\n\n<li>Lampe et prise de la terrasse ouest (c\u00f4t\u00e9 bonbonne de gaz)\n<ul class=\"wp-block-list\">\n<li>Ce circuit n&rsquo;est activ\u00e9 que si l&rsquo;interrupteur pr\u00e8s de la porte de garage, le plus \u00e0 droite, est activ\u00e9 (t\u00e9moin bleu allum\u00e9)<\/li>\n<\/ul>\n<\/li>\n\n\n\n<li>Prise sous la terrasse, c\u00f4t\u00e9 nord\n<ul class=\"wp-block-list\">\n<li>Cette prise est activ\u00e9e par l&rsquo;interrupteur gris au-dessus de l&rsquo;\u00e9tabli, au centre (t\u00e9moin bleu allum\u00e9)<\/li>\n<\/ul>\n<\/li>\n<\/ul>\n\n\n\n<figure class=\"wp-block-image size-large is-resized\"><img loading=\"lazy\" decoding=\"async\" width=\"1024\" height=\"768\" src=\"https:\/\/awenne.famille-somers.be\/wp-content\/uploads\/2025\/12\/interrupteurs-exterieurs-1-1024x768.jpg\" alt=\"\" class=\"wp-image-233\" style=\"width:459px;height:auto\" srcset=\"http:\/\/awenne.famille-somers.be\/wp-content\/uploads\/2025\/12\/interrupteurs-exterieurs-1-1024x768.jpg 1024w, http:\/\/awenne.famille-somers.be\/wp-content\/uploads\/2025\/12\/interrupteurs-exterieurs-1-300x225.jpg 300w, http:\/\/awenne.famille-somers.be\/wp-content\/uploads\/2025\/12\/interrupteurs-exterieurs-1-768x576.jpg 768w, http:\/\/awenne.famille-somers.be\/wp-content\/uploads\/2025\/12\/interrupteurs-exterieurs-1-1536x1152.jpg 1536w, http:\/\/awenne.famille-somers.be\/wp-content\/uploads\/2025\/12\/interrupteurs-exterieurs-1-2048x1536.jpg 2048w\" sizes=\"auto, (max-width: 1024px) 100vw, 1024px\" \/><\/figure>\n\n\n","protected":false},"excerpt":{"rendered":"<p>Eclairage et prises ext\u00e9rieures<\/p>\n","protected":false},"author":1,"featured_media":0,"parent":0,"menu_order":0,"comment_status":"closed","ping_status":"closed","template":"","meta":{"_kadence_starter_templates_imported_post":false,"_kad_post_transparent":"","_kad_post_title":"","_kad_post_layout":"","_kad_post_sidebar_id":"","_kad_post_content_style":"","_kad_post_vertical_padding":"","_kad_post_feature":"","_kad_post_feature_position":"","_kad_post_header":false,"_kad_post_footer":false,"_kad_post_classname":"","footnotes":""},"class_list":["post-167","page","type-page","status-publish","hentry"],"_links":{"self":[{"href":"http:\/\/awenne.famille-somers.be\/index.php\/wp-json\/wp\/v2\/pages\/167","targetHints":{"allow":["GET"]}}],"collection":[{"href":"http:\/\/awenne.famille-somers.be\/index.php\/wp-json\/wp\/v2\/pages"}],"about":[{"href":"http:\/\/awenne.famille-somers.be\/index.php\/wp-json\/wp\/v2\/types\/page"}],"author":[{"embeddable":true,"href":"http:\/\/awenne.famille-somers.be\/index.php\/wp-json\/wp\/v2\/users\/1"}],"replies":[{"embeddable":true,"href":"http:\/\/awenne.famille-somers.be\/index.php\/wp-json\/wp\/v2\/comments?post=167"}],"version-history":[{"count":6,"href":"http:\/\/awenne.famille-somers.be\/index.php\/wp-json\/wp\/v2\/pages\/167\/revisions"}],"predecessor-version":[{"id":295,"href":"http:\/\/awenne.famille-somers.be\/index.php\/wp-json\/wp\/v2\/pages\/167\/revisions\/295"}],"wp:attachment":[{"href":"http:\/\/awenne.famille-somers.be\/index.php\/wp-json\/wp\/v2\/media?parent=167"}],"curies":[{"name":"wp","href":"https:\/\/api.w.org\/{rel}","templated":true}]}}