{"id":171,"date":"2025-12-12T16:28:01","date_gmt":"2025-12-12T15:28:01","guid":{"rendered":"https:\/\/awenne.famille-somers.be\/?page_id=171"},"modified":"2025-12-12T17:29:29","modified_gmt":"2025-12-12T16:29:29","slug":"frigos","status":"publish","type":"page","link":"http:\/\/awenne.famille-somers.be\/index.php\/frigos\/","title":{"rendered":"Frigo de la cave"},"content":{"rendered":"\n<p>Si le frigo de la cave est \u00e9teint et que vous en avez besoin, l\u2019allumer en poussant sur le bouton on\/off situ\u00e9\u00a0\u00e0 gauche\u00a0(1<sup>er<\/sup>bouton en partant de la gauche, en ouvrant la porte tout en haut du frigo) (\u00a0!celui de droite, c\u2019est pour le cong\u00e9lateur, qui ne peut en aucun cas \u00eatre \u00e9teint\u00a0!).\u00a0<\/p>\n","protected":false},"excerpt":{"rendered":"<p>Si le frigo de la cave est \u00e9teint et que vous en avez besoin, l\u2019allumer en poussant sur le bouton on\/off situ\u00e9\u00a0\u00e0 gauche\u00a0(1erbouton en partant de la gauche, en ouvrant la porte tout en haut du frigo) (\u00a0!celui de droite, c\u2019est pour le cong\u00e9lateur, qui ne peut en aucun cas \u00eatre \u00e9teint\u00a0!).\u00a0<\/p>\n","protected":false},"author":1,"featured_media":0,"parent":0,"menu_order":0,"comment_status":"closed","ping_status":"closed","template":"","meta":{"_kadence_starter_templates_imported_post":false,"_kad_post_transparent":"","_kad_post_title":"","_kad_post_layout":"","_kad_post_sidebar_id":"","_kad_post_content_style":"","_kad_post_vertical_padding":"","_kad_post_feature":"","_kad_post_feature_position":"","_kad_post_header":false,"_kad_post_footer":false,"_kad_post_classname":"","footnotes":""},"class_list":["post-171","page","type-page","status-publish","hentry"],"_links":{"self":[{"href":"http:\/\/awenne.famille-somers.be\/index.php\/wp-json\/wp\/v2\/pages\/171","targetHints":{"allow":["GET"]}}],"collection":[{"href":"http:\/\/awenne.famille-somers.be\/index.php\/wp-json\/wp\/v2\/pages"}],"about":[{"href":"http:\/\/awenne.famille-somers.be\/index.php\/wp-json\/wp\/v2\/types\/page"}],"author":[{"embeddable":true,"href":"http:\/\/awenne.famille-somers.be\/index.php\/wp-json\/wp\/v2\/users\/1"}],"replies":[{"embeddable":true,"href":"http:\/\/awenne.famille-somers.be\/index.php\/wp-json\/wp\/v2\/comments?post=171"}],"version-history":[{"count":3,"href":"http:\/\/awenne.famille-somers.be\/index.php\/wp-json\/wp\/v2\/pages\/171\/revisions"}],"predecessor-version":[{"id":199,"href":"http:\/\/awenne.famille-somers.be\/index.php\/wp-json\/wp\/v2\/pages\/171\/revisions\/199"}],"wp:attachment":[{"href":"http:\/\/awenne.famille-somers.be\/index.php\/wp-json\/wp\/v2\/media?parent=171"}],"curies":[{"name":"wp","href":"https:\/\/api.w.org\/{rel}","templated":true}]}}