{"id":192,"date":"2025-12-12T17:21:41","date_gmt":"2025-12-12T16:21:41","guid":{"rendered":"https:\/\/awenne.famille-somers.be\/?page_id=192"},"modified":"2026-03-20T10:58:25","modified_gmt":"2026-03-20T09:58:25","slug":"vie-quotidienne","status":"publish","type":"page","link":"http:\/\/awenne.famille-somers.be\/index.php\/vie-quotidienne\/","title":{"rendered":"Vie quotidienne"},"content":{"rendered":"\n<ul class=\"wp-block-list\">\n<li><a href=\"https:\/\/awenne.famille-somers.be\/index.php\/wifi\/\" data-type=\"page\" data-id=\"97\">Wifi<\/a><\/li>\n\n\n\n<li><a href=\"https:\/\/awenne.famille-somers.be\/index.php\/tv\/\" data-type=\"page\" data-id=\"102\">TV<\/a><\/li>\n\n\n\n<li><a href=\"https:\/\/awenne.famille-somers.be\/index.php\/cuisine\/\" data-type=\"page\" data-id=\"155\">Cuisine<\/a><\/li>\n\n\n\n<li><a href=\"https:\/\/awenne.famille-somers.be\/index.php\/vie-quotidienne\/lave-vaisselle\/\" data-type=\"page\" data-id=\"278\">Lave-vaisselle<\/a><\/li>\n\n\n\n<li><a href=\"https:\/\/awenne.famille-somers.be\/index.php\/faire-son-pain\/\" data-type=\"page\" data-id=\"285\">Faire son pain<\/a><\/li>\n\n\n\n<li><a href=\"https:\/\/awenne.famille-somers.be\/index.php\/poubelles\/\" data-type=\"page\" data-id=\"152\">Poubelles<\/a><\/li>\n\n\n\n<li><a href=\"https:\/\/awenne.famille-somers.be\/index.php\/frigos\/\" data-type=\"page\" data-id=\"171\">Frigos<\/a><\/li>\n\n\n\n<li><a href=\"https:\/\/awenne.famille-somers.be\/index.php\/chambres\/\" data-type=\"page\" data-id=\"158\">Chambres<\/a><\/li>\n\n\n\n<li><a href=\"https:\/\/awenne.famille-somers.be\/index.php\/insert-a-bois-chauffage-au-bois\/\" data-type=\"page\" data-id=\"247\">Insert \u00e0 bois (chauffage au bois)<\/a><\/li>\n<\/ul>\n\n\n\n<h4 class=\"wp-block-heading\">Volets<\/h4>\n\n\n\n<p>En cas de vent fort, pour \u00e9viter que les volets fassent du bruit en se cognant contre la fa\u00e7ade, mettre des mousses pour les bloquer. Les mousses sont dans un sac&nbsp;<em>en bas<\/em>&nbsp;de l\u2019escalier de la cave)<\/p>\n\n\n\n<h4 class=\"wp-block-heading\">Stores du Living<\/h4>\n\n\n\n<p>En relevant les stores (surtout celui relatif \u00e0 la porte de la terrasse), \u00e9carter le store des clinche pour \u00e9viter qu&rsquo;il ne s&rsquo;y accroche !<\/p>\n\n\n\n<h4 class=\"wp-block-heading\">Barbecue<\/h4>\n\n\n\n<p>Pas de BBQ sur la terrasse en bois&nbsp;! Merci.<\/p>\n\n\n\n<h4 class=\"wp-block-heading\"><strong>Cl\u00f4ture <\/strong>sangliers<\/h4>\n\n\n\n<p>Fermer tous les soirs la cl\u00f4ture pour les sangliers pour \u00e9viter qu\u2019ils ne viennent sacager tout le jardin&nbsp;! merci&nbsp;!<\/p>\n\n\n\n<h4 class=\"wp-block-heading\">Tourisme, balades \u2026&nbsp;<\/h4>\n\n\n\n<p>voir sur l\u2019\u00e9tag\u00e8re \u00e0 droite du feu \u2013 classeur bleu et cartes de promenades<\/p>\n\n\n\n<h4 class=\"wp-block-heading\">Tiques<\/h4>\n\n\n\n<p class=\"has-theme-palette-13-color has-text-color has-link-color wp-elements-83b3c8379c4a5c4b7cab88f93be8b59e\"><strong>Prot\u00e9gez-vous des tiques et de la maladie de Lyme&nbsp;!<\/strong><\/p>\n\n\n\n<p>Si vous allez dans le jardin ou dans les bois, mettez du produit r\u00e9pulsif (voir \u00e0 la salle de bain) et faites une inspection tous les soirs (pinces \u00e0 tiques \u00e0 la salle de bain).<\/p>\n\n\n\n<h4 class=\"wp-block-heading\">Gares<\/h4>\n\n\n\n<p>Gare de Jemelle(Rochefort)(ligne Bxl \u2013 Luxembourg) : route de Forri\u00e8res 1<\/p>\n","protected":false},"excerpt":{"rendered":"<p>Volets En cas de vent fort, pour \u00e9viter que les volets fassent du bruit en se cognant contre la fa\u00e7ade, mettre des mousses pour les bloquer. Les mousses sont dans un sac&nbsp;en bas&nbsp;de l\u2019escalier de la cave) Stores du Living En relevant les stores (surtout celui relatif \u00e0 la porte de la terrasse), \u00e9carter le&#8230;<\/p>\n","protected":false},"author":1,"featured_media":0,"parent":0,"menu_order":0,"comment_status":"closed","ping_status":"closed","template":"","meta":{"_kadence_starter_templates_imported_post":false,"_kad_post_transparent":"","_kad_post_title":"","_kad_post_layout":"","_kad_post_sidebar_id":"","_kad_post_content_style":"","_kad_post_vertical_padding":"","_kad_post_feature":"","_kad_post_feature_position":"","_kad_post_header":false,"_kad_post_footer":false,"_kad_post_classname":"","footnotes":""},"class_list":["post-192","page","type-page","status-publish","hentry"],"_links":{"self":[{"href":"http:\/\/awenne.famille-somers.be\/index.php\/wp-json\/wp\/v2\/pages\/192","targetHints":{"allow":["GET"]}}],"collection":[{"href":"http:\/\/awenne.famille-somers.be\/index.php\/wp-json\/wp\/v2\/pages"}],"about":[{"href":"http:\/\/awenne.famille-somers.be\/index.php\/wp-json\/wp\/v2\/types\/page"}],"author":[{"embeddable":true,"href":"http:\/\/awenne.famille-somers.be\/index.php\/wp-json\/wp\/v2\/users\/1"}],"replies":[{"embeddable":true,"href":"http:\/\/awenne.famille-somers.be\/index.php\/wp-json\/wp\/v2\/comments?post=192"}],"version-history":[{"count":7,"href":"http:\/\/awenne.famille-somers.be\/index.php\/wp-json\/wp\/v2\/pages\/192\/revisions"}],"predecessor-version":[{"id":288,"href":"http:\/\/awenne.famille-somers.be\/index.php\/wp-json\/wp\/v2\/pages\/192\/revisions\/288"}],"wp:attachment":[{"href":"http:\/\/awenne.famille-somers.be\/index.php\/wp-json\/wp\/v2\/media?parent=192"}],"curies":[{"name":"wp","href":"https:\/\/api.w.org\/{rel}","templated":true}]}}