{"id":247,"date":"2026-01-19T20:16:52","date_gmt":"2026-01-19T19:16:52","guid":{"rendered":"https:\/\/awenne.famille-somers.be\/?page_id=247"},"modified":"2026-01-19T20:16:52","modified_gmt":"2026-01-19T19:16:52","slug":"insert-a-bois-chauffage-au-bois","status":"publish","type":"page","link":"http:\/\/awenne.famille-somers.be\/index.php\/insert-a-bois-chauffage-au-bois\/","title":{"rendered":"Insert \u00e0 bois (chauffage au bois)"},"content":{"rendered":"\n<p><strong>Bois de chauffage<\/strong><\/p>\n\n\n\n<p>Utiliser actuellement prioritairement le bois entrepos\u00e9 sous la terrasse (bois de conif\u00e8re tr\u00e8s sec), plut\u00f4t que le bois entrepos\u00e9 dans le garage (bois de feuillus) ; utiliser les bacs en plastique gris pour faire le plein de buches et le seau pour les petits morceaux de bois pour l&rsquo;allumage.<br>Ce n&rsquo;est pas le meilleur bois, mais il faut le consommer (c&rsquo;est encore du bois qui date d\u2019oncle Henri).<\/p>\n\n\n\n<p><strong>Allumer un feu<\/strong><\/p>\n\n\n\n<ol class=\"wp-block-list\">\n<li>Nettoyer les cendres &#8211; faire tomber les cendres de l&rsquo;insert dans le bas \u00e0 cendres de l&rsquo;insert au moyen du crochet suspendu \u00e0 gauche de la chemin\u00e9e ; vider ce bac \u00e0 cendres : lever la trappe horizontale situ\u00e9e sous la porte de l&rsquo;insert et vider ce bas dans le grand bac \u00e0 cendres situ\u00e9 en bas.<\/li>\n\n\n\n<li>Ouvrir les ventilations au maximum : la ventilation du bac \u00e0 cendre sous la porte et la ventilation juste au-dessus de la porte.<\/li>\n\n\n\n<li>Pr\u00e9parer le bois pour un <a href=\"https:\/\/www.onf-energie-bois.com\/lallumage-inverse-une-methode-plus-economique-et-ecologique\/\">allumage invers\u00e9<\/a> : mettre quelques buches, laisser un espace pour y placer une pomme de pin (dans le tonneau). La coincer avec de petits morceaux de bois, t\u00eate en bas.\u00a0<\/li>\n\n\n\n<li>L&rsquo;allumer la pomme de pin avec une allumette. Normalement, cela devrait suffire pour faire d\u00e9marrer le feu.<\/li>\n\n\n\n<li>Quand le feu a bien pris, fermer les 2 ventilations (basse et haute)<\/li>\n\n\n\n<li>Quand l&rsquo;insert est suffisamment chaud, la ventilation pour r\u00e9cup\u00e9rer la chaleur se met en route. On peut r\u00e9gler l&rsquo;intensit\u00e9 de cette ventilation via le transformateur BARBAS situ\u00e9 sous la lampe de l&rsquo;\u00e9tag\u00e8re \u00e0 gauche de la chemin\u00e9e.\u00a0<\/li>\n<\/ol>\n","protected":false},"excerpt":{"rendered":"<p>Bois de chauffage Utiliser actuellement prioritairement le bois entrepos\u00e9 sous la terrasse (bois de conif\u00e8re tr\u00e8s sec), plut\u00f4t que le bois entrepos\u00e9 dans le garage (bois de feuillus) ; utiliser les bacs en plastique gris pour faire le plein de buches et le seau pour les petits morceaux de bois pour l&rsquo;allumage.Ce n&rsquo;est pas le&#8230;<\/p>\n","protected":false},"author":1,"featured_media":0,"parent":0,"menu_order":0,"comment_status":"closed","ping_status":"closed","template":"","meta":{"_kadence_starter_templates_imported_post":false,"_kad_post_transparent":"","_kad_post_title":"","_kad_post_layout":"","_kad_post_sidebar_id":"","_kad_post_content_style":"","_kad_post_vertical_padding":"","_kad_post_feature":"","_kad_post_feature_position":"","_kad_post_header":false,"_kad_post_footer":false,"_kad_post_classname":"","footnotes":""},"class_list":["post-247","page","type-page","status-publish","hentry"],"_links":{"self":[{"href":"http:\/\/awenne.famille-somers.be\/index.php\/wp-json\/wp\/v2\/pages\/247","targetHints":{"allow":["GET"]}}],"collection":[{"href":"http:\/\/awenne.famille-somers.be\/index.php\/wp-json\/wp\/v2\/pages"}],"about":[{"href":"http:\/\/awenne.famille-somers.be\/index.php\/wp-json\/wp\/v2\/types\/page"}],"author":[{"embeddable":true,"href":"http:\/\/awenne.famille-somers.be\/index.php\/wp-json\/wp\/v2\/users\/1"}],"replies":[{"embeddable":true,"href":"http:\/\/awenne.famille-somers.be\/index.php\/wp-json\/wp\/v2\/comments?post=247"}],"version-history":[{"count":2,"href":"http:\/\/awenne.famille-somers.be\/index.php\/wp-json\/wp\/v2\/pages\/247\/revisions"}],"predecessor-version":[{"id":251,"href":"http:\/\/awenne.famille-somers.be\/index.php\/wp-json\/wp\/v2\/pages\/247\/revisions\/251"}],"wp:attachment":[{"href":"http:\/\/awenne.famille-somers.be\/index.php\/wp-json\/wp\/v2\/media?parent=247"}],"curies":[{"name":"wp","href":"https:\/\/api.w.org\/{rel}","templated":true}]}}