{"id":54,"date":"2025-12-11T15:15:46","date_gmt":"2025-12-11T14:15:46","guid":{"rendered":"https:\/\/awenne.famille-somers.be\/?page_id=54"},"modified":"2025-12-18T11:35:24","modified_gmt":"2025-12-18T10:35:24","slug":"cloture-electrique","status":"publish","type":"page","link":"http:\/\/awenne.famille-somers.be\/index.php\/cloture-electrique\/","title":{"rendered":"Cl\u00f4ture \u00e9lectrique"},"content":{"rendered":"\n<p>Ouvir : prendre chacun des crochets de la cl\u00f4ture par l&rsquo;isolant et accrocher celui-ci \u00e0 un anneau du petit piquet <\/p>\n\n\n\n<p>Fermer : prendre chacun des crochet de la cl\u00f4ture par l&rsquo;isolant et accrocher celui-ci \u00e0 l&rsquo;anneau pr\u00e9vu au niveau de la cl\u00f4ture<\/p>\n\n\n\n<figure class=\"wp-block-image size-large is-resized\"><img loading=\"lazy\" decoding=\"async\" width=\"1024\" height=\"576\" src=\"https:\/\/awenne.famille-somers.be\/wp-content\/uploads\/2025\/12\/cloture-fermee-1024x576.jpg\" alt=\"\" class=\"wp-image-236\" style=\"width:497px;height:auto\" srcset=\"http:\/\/awenne.famille-somers.be\/wp-content\/uploads\/2025\/12\/cloture-fermee-1024x576.jpg 1024w, http:\/\/awenne.famille-somers.be\/wp-content\/uploads\/2025\/12\/cloture-fermee-300x169.jpg 300w, http:\/\/awenne.famille-somers.be\/wp-content\/uploads\/2025\/12\/cloture-fermee-768x432.jpg 768w, http:\/\/awenne.famille-somers.be\/wp-content\/uploads\/2025\/12\/cloture-fermee-1536x864.jpg 1536w, http:\/\/awenne.famille-somers.be\/wp-content\/uploads\/2025\/12\/cloture-fermee-2048x1152.jpg 2048w\" sizes=\"auto, (max-width: 1024px) 100vw, 1024px\" \/><\/figure>\n\n\n\n<figure class=\"wp-block-image size-large is-resized\"><img loading=\"lazy\" decoding=\"async\" width=\"1024\" height=\"768\" src=\"https:\/\/awenne.famille-somers.be\/wp-content\/uploads\/2025\/12\/cloture-ouverte-1024x768.jpg\" alt=\"\" class=\"wp-image-237\" style=\"width:495px;height:auto\" srcset=\"http:\/\/awenne.famille-somers.be\/wp-content\/uploads\/2025\/12\/cloture-ouverte-1024x768.jpg 1024w, http:\/\/awenne.famille-somers.be\/wp-content\/uploads\/2025\/12\/cloture-ouverte-300x225.jpg 300w, http:\/\/awenne.famille-somers.be\/wp-content\/uploads\/2025\/12\/cloture-ouverte-768x576.jpg 768w, http:\/\/awenne.famille-somers.be\/wp-content\/uploads\/2025\/12\/cloture-ouverte-1536x1152.jpg 1536w, http:\/\/awenne.famille-somers.be\/wp-content\/uploads\/2025\/12\/cloture-ouverte-2048x1536.jpg 2048w\" sizes=\"auto, (max-width: 1024px) 100vw, 1024px\" \/><\/figure>\n\n\n\n<p><\/p>\n","protected":false},"excerpt":{"rendered":"<p>Ouvir : prendre chacun des crochets de la cl\u00f4ture par l&rsquo;isolant et accrocher celui-ci \u00e0 un anneau du petit piquet Fermer : prendre chacun des crochet de la cl\u00f4ture par l&rsquo;isolant et accrocher celui-ci \u00e0 l&rsquo;anneau pr\u00e9vu au niveau de la cl\u00f4ture<\/p>\n","protected":false},"author":1,"featured_media":0,"parent":0,"menu_order":0,"comment_status":"closed","ping_status":"closed","template":"","meta":{"_kadence_starter_templates_imported_post":false,"_kad_post_transparent":"","_kad_post_title":"","_kad_post_layout":"","_kad_post_sidebar_id":"","_kad_post_content_style":"","_kad_post_vertical_padding":"","_kad_post_feature":"","_kad_post_feature_position":"","_kad_post_header":false,"_kad_post_footer":false,"_kad_post_classname":"","footnotes":""},"class_list":["post-54","page","type-page","status-publish","hentry"],"_links":{"self":[{"href":"http:\/\/awenne.famille-somers.be\/index.php\/wp-json\/wp\/v2\/pages\/54","targetHints":{"allow":["GET"]}}],"collection":[{"href":"http:\/\/awenne.famille-somers.be\/index.php\/wp-json\/wp\/v2\/pages"}],"about":[{"href":"http:\/\/awenne.famille-somers.be\/index.php\/wp-json\/wp\/v2\/types\/page"}],"author":[{"embeddable":true,"href":"http:\/\/awenne.famille-somers.be\/index.php\/wp-json\/wp\/v2\/users\/1"}],"replies":[{"embeddable":true,"href":"http:\/\/awenne.famille-somers.be\/index.php\/wp-json\/wp\/v2\/comments?post=54"}],"version-history":[{"count":3,"href":"http:\/\/awenne.famille-somers.be\/index.php\/wp-json\/wp\/v2\/pages\/54\/revisions"}],"predecessor-version":[{"id":239,"href":"http:\/\/awenne.famille-somers.be\/index.php\/wp-json\/wp\/v2\/pages\/54\/revisions\/239"}],"wp:attachment":[{"href":"http:\/\/awenne.famille-somers.be\/index.php\/wp-json\/wp\/v2\/media?parent=54"}],"curies":[{"name":"wp","href":"https:\/\/api.w.org\/{rel}","templated":true}]}}