{"id":76,"date":"2025-12-11T16:26:57","date_gmt":"2025-12-11T15:26:57","guid":{"rendered":"https:\/\/awenne.famille-somers.be\/?page_id=76"},"modified":"2025-12-15T14:14:51","modified_gmt":"2025-12-15T13:14:51","slug":"eau-de-citerne-eau-de-pluie","status":"publish","type":"page","link":"http:\/\/awenne.famille-somers.be\/index.php\/eau-de-citerne-eau-de-pluie\/","title":{"rendered":"Ouverture\/Fermeture de l&rsquo;eau de citerne (eau de pluie)"},"content":{"rendered":"\n<p>En arrivant, ouvrir la vanne rouge (en position horizontale) \u00e0 gauche des filtres situ\u00e9s sur le mur ext\u00e9rieur de la cave.<\/p>\n\n\n\n<p>En quittant le chalet, fermer la vanne rouge (en position verticale) \u00e0 gauche des filtres situ\u00e9s sur le mur ext\u00e9rieur de la cave.<\/p>\n\n\n\n<figure class=\"wp-block-image size-full\"><img loading=\"lazy\" decoding=\"async\" width=\"320\" height=\"240\" src=\"https:\/\/awenne.famille-somers.be\/wp-content\/uploads\/2025\/12\/eau-de-pluie.jpg\" alt=\"\" class=\"wp-image-77\" srcset=\"http:\/\/awenne.famille-somers.be\/wp-content\/uploads\/2025\/12\/eau-de-pluie.jpg 320w, http:\/\/awenne.famille-somers.be\/wp-content\/uploads\/2025\/12\/eau-de-pluie-300x225.jpg 300w\" sizes=\"auto, (max-width: 320px) 100vw, 320px\" \/><\/figure>\n","protected":false},"excerpt":{"rendered":"<p>En arrivant, ouvrir la vanne rouge (en position horizontale) \u00e0 gauche des filtres situ\u00e9s sur le mur ext\u00e9rieur de la cave. En quittant le chalet, fermer la vanne rouge (en position verticale) \u00e0 gauche des filtres situ\u00e9s sur le mur ext\u00e9rieur de la cave.<\/p>\n","protected":false},"author":1,"featured_media":77,"parent":0,"menu_order":0,"comment_status":"closed","ping_status":"closed","template":"","meta":{"_kadence_starter_templates_imported_post":false,"_kad_post_transparent":"","_kad_post_title":"","_kad_post_layout":"","_kad_post_sidebar_id":"","_kad_post_content_style":"","_kad_post_vertical_padding":"","_kad_post_feature":"","_kad_post_feature_position":"","_kad_post_header":false,"_kad_post_footer":false,"_kad_post_classname":"","footnotes":""},"class_list":["post-76","page","type-page","status-publish","has-post-thumbnail","hentry"],"_links":{"self":[{"href":"http:\/\/awenne.famille-somers.be\/index.php\/wp-json\/wp\/v2\/pages\/76","targetHints":{"allow":["GET"]}}],"collection":[{"href":"http:\/\/awenne.famille-somers.be\/index.php\/wp-json\/wp\/v2\/pages"}],"about":[{"href":"http:\/\/awenne.famille-somers.be\/index.php\/wp-json\/wp\/v2\/types\/page"}],"author":[{"embeddable":true,"href":"http:\/\/awenne.famille-somers.be\/index.php\/wp-json\/wp\/v2\/users\/1"}],"replies":[{"embeddable":true,"href":"http:\/\/awenne.famille-somers.be\/index.php\/wp-json\/wp\/v2\/comments?post=76"}],"version-history":[{"count":3,"href":"http:\/\/awenne.famille-somers.be\/index.php\/wp-json\/wp\/v2\/pages\/76\/revisions"}],"predecessor-version":[{"id":212,"href":"http:\/\/awenne.famille-somers.be\/index.php\/wp-json\/wp\/v2\/pages\/76\/revisions\/212"}],"wp:featuredmedia":[{"embeddable":true,"href":"http:\/\/awenne.famille-somers.be\/index.php\/wp-json\/wp\/v2\/media\/77"}],"wp:attachment":[{"href":"http:\/\/awenne.famille-somers.be\/index.php\/wp-json\/wp\/v2\/media?parent=76"}],"curies":[{"name":"wp","href":"https:\/\/api.w.org\/{rel}","templated":true}]}}