{"id":80,"date":"2025-12-11T16:29:37","date_gmt":"2025-12-11T15:29:37","guid":{"rendered":"https:\/\/awenne.famille-somers.be\/?page_id=80"},"modified":"2025-12-11T16:32:47","modified_gmt":"2025-12-11T15:32:47","slug":"thermostat","status":"publish","type":"page","link":"http:\/\/awenne.famille-somers.be\/index.php\/thermostat\/","title":{"rendered":"Thermostat"},"content":{"rendered":"\n<p>R\u00e9glages du thermostat \u00e0 c\u00f4t\u00e9 de la porte de l\u2019escalier qui m\u00e8ne \u00e0 la cave\u00a0(aussi accessible \u00e0 distance) :<\/p>\n\n\n\n<p>Pour l\u2019eau chaude&nbsp;:&nbsp;<\/p>\n\n\n\n<ul class=\"wp-block-list\">\n<li>Pousser sur le bouton menu (bouton inf\u00e9rieur avec le motif 3 lignes)<\/li>\n\n\n\n<li>S\u00e9lectionner \u00ab&nbsp;Eau chaude&nbsp;\u00bb avec les fl\u00e8ches et pousser sur OK<\/li>\n\n\n\n<li>S\u00e9lectionner \u00ab&nbsp;Activer-d\u00e9sactiver&nbsp;\u00bb avec les fl\u00e8ches et pousser sur OK<\/li>\n\n\n\n<li>S\u00e9lectionner \u00ab&nbsp;Activ\u00e9&nbsp;\u00bb avec les fl\u00e8ches et pousser sur OK<\/li>\n<\/ul>\n\n\n\n<p>Pour le chauffage (si besoin)&nbsp;:<\/p>\n\n\n\n<ul class=\"wp-block-list\">\n<li>Pousser sur le bouton menu (bouton inf\u00e9rieur avec le motif 3 lignes)<\/li>\n\n\n\n<li>S\u00e9lectionner \u00ab&nbsp;Climat ambiant&nbsp;\u00bb avec les fl\u00e8ches et pousser sur OK<\/li>\n\n\n\n<li>S\u00e9lectionner \u00ab&nbsp;Activer-d\u00e9sactiver&nbsp;\u00bb avec les fl\u00e8ches et pousser sur OK<\/li>\n\n\n\n<li>S\u00e9lectionner \u00ab&nbsp;Activ\u00e9&nbsp;\u00bb avec les fl\u00e8ches et pousser sur OK<\/li>\n<\/ul>\n\n\n\n<figure class=\"wp-block-image size-large is-resized\"><img loading=\"lazy\" decoding=\"async\" width=\"1024\" height=\"769\" src=\"https:\/\/awenne.famille-somers.be\/wp-content\/uploads\/2025\/12\/thermostat-1024x769.jpg\" alt=\"\" class=\"wp-image-81\" style=\"width:608px;height:auto\" srcset=\"http:\/\/awenne.famille-somers.be\/wp-content\/uploads\/2025\/12\/thermostat-1024x769.jpg 1024w, http:\/\/awenne.famille-somers.be\/wp-content\/uploads\/2025\/12\/thermostat-300x225.jpg 300w, http:\/\/awenne.famille-somers.be\/wp-content\/uploads\/2025\/12\/thermostat-768x577.jpg 768w, http:\/\/awenne.famille-somers.be\/wp-content\/uploads\/2025\/12\/thermostat.jpg 1203w\" sizes=\"auto, (max-width: 1024px) 100vw, 1024px\" \/><\/figure>\n","protected":false},"excerpt":{"rendered":"<p>R\u00e9glages du thermostat \u00e0 c\u00f4t\u00e9 de la porte de l\u2019escalier qui m\u00e8ne \u00e0 la cave\u00a0(aussi accessible \u00e0 distance) : Pour l\u2019eau chaude&nbsp;:&nbsp; Pour le chauffage (si besoin)&nbsp;:<\/p>\n","protected":false},"author":1,"featured_media":81,"parent":0,"menu_order":0,"comment_status":"closed","ping_status":"closed","template":"","meta":{"_kadence_starter_templates_imported_post":false,"_kad_post_transparent":"","_kad_post_title":"","_kad_post_layout":"","_kad_post_sidebar_id":"","_kad_post_content_style":"","_kad_post_vertical_padding":"","_kad_post_feature":"","_kad_post_feature_position":"","_kad_post_header":false,"_kad_post_footer":false,"_kad_post_classname":"","footnotes":""},"class_list":["post-80","page","type-page","status-publish","has-post-thumbnail","hentry"],"_links":{"self":[{"href":"http:\/\/awenne.famille-somers.be\/index.php\/wp-json\/wp\/v2\/pages\/80","targetHints":{"allow":["GET"]}}],"collection":[{"href":"http:\/\/awenne.famille-somers.be\/index.php\/wp-json\/wp\/v2\/pages"}],"about":[{"href":"http:\/\/awenne.famille-somers.be\/index.php\/wp-json\/wp\/v2\/types\/page"}],"author":[{"embeddable":true,"href":"http:\/\/awenne.famille-somers.be\/index.php\/wp-json\/wp\/v2\/users\/1"}],"replies":[{"embeddable":true,"href":"http:\/\/awenne.famille-somers.be\/index.php\/wp-json\/wp\/v2\/comments?post=80"}],"version-history":[{"count":2,"href":"http:\/\/awenne.famille-somers.be\/index.php\/wp-json\/wp\/v2\/pages\/80\/revisions"}],"predecessor-version":[{"id":85,"href":"http:\/\/awenne.famille-somers.be\/index.php\/wp-json\/wp\/v2\/pages\/80\/revisions\/85"}],"wp:featuredmedia":[{"embeddable":true,"href":"http:\/\/awenne.famille-somers.be\/index.php\/wp-json\/wp\/v2\/media\/81"}],"wp:attachment":[{"href":"http:\/\/awenne.famille-somers.be\/index.php\/wp-json\/wp\/v2\/media?parent=80"}],"curies":[{"name":"wp","href":"https:\/\/api.w.org\/{rel}","templated":true}]}}