{"id":97,"date":"2025-12-11T16:57:16","date_gmt":"2025-12-11T15:57:16","guid":{"rendered":"https:\/\/awenne.famille-somers.be\/?page_id=97"},"modified":"2025-12-11T16:57:16","modified_gmt":"2025-12-11T15:57:16","slug":"wifi","status":"publish","type":"page","link":"http:\/\/awenne.famille-somers.be\/index.php\/wifi\/","title":{"rendered":"wifi"},"content":{"rendered":"\n<p>Abonnement Orange Easy Internet@home + data boost (50 Gb \/ mois&nbsp;heures pleines; 100 Gb \/ mois heures creuses le WE et de 18h \u00e0 6h)<\/p>\n\n\n\n<p>Wifi&nbsp;Flybox_0479, Code wifi&nbsp;:&nbsp;Zkhn4Pn3FxR5<\/p>\n\n\n\n<p>Si probl\u00e8me&nbsp;: ouvrir un navigateur \u00e0 l\u2019adresse de page&nbsp;:&nbsp;&nbsp;flybox.home<\/p>\n\n\n\n<p>La box se trouve au-dessus de l\u2019escalier de la cave<\/p>\n\n\n\n<figure class=\"wp-block-image size-large\"><img loading=\"lazy\" decoding=\"async\" width=\"1024\" height=\"769\" src=\"https:\/\/awenne.famille-somers.be\/wp-content\/uploads\/2025\/12\/wifi-1024x769.jpg\" alt=\"\" class=\"wp-image-98\" srcset=\"http:\/\/awenne.famille-somers.be\/wp-content\/uploads\/2025\/12\/wifi-1024x769.jpg 1024w, http:\/\/awenne.famille-somers.be\/wp-content\/uploads\/2025\/12\/wifi-300x225.jpg 300w, http:\/\/awenne.famille-somers.be\/wp-content\/uploads\/2025\/12\/wifi-768x577.jpg 768w, http:\/\/awenne.famille-somers.be\/wp-content\/uploads\/2025\/12\/wifi.jpg 1203w\" sizes=\"auto, (max-width: 1024px) 100vw, 1024px\" \/><\/figure>\n","protected":false},"excerpt":{"rendered":"<p>Abonnement Orange Easy Internet@home + data boost (50 Gb \/ mois&nbsp;heures pleines; 100 Gb \/ mois heures creuses le WE et de 18h \u00e0 6h) Wifi&nbsp;Flybox_0479, Code wifi&nbsp;:&nbsp;Zkhn4Pn3FxR5 Si probl\u00e8me&nbsp;: ouvrir un navigateur \u00e0 l\u2019adresse de page&nbsp;:&nbsp;&nbsp;flybox.home La box se trouve au-dessus de l\u2019escalier de la cave<\/p>\n","protected":false},"author":1,"featured_media":0,"parent":0,"menu_order":0,"comment_status":"closed","ping_status":"closed","template":"","meta":{"_kadence_starter_templates_imported_post":false,"_kad_post_transparent":"","_kad_post_title":"","_kad_post_layout":"","_kad_post_sidebar_id":"","_kad_post_content_style":"","_kad_post_vertical_padding":"","_kad_post_feature":"","_kad_post_feature_position":"","_kad_post_header":false,"_kad_post_footer":false,"_kad_post_classname":"","footnotes":""},"class_list":["post-97","page","type-page","status-publish","hentry"],"_links":{"self":[{"href":"http:\/\/awenne.famille-somers.be\/index.php\/wp-json\/wp\/v2\/pages\/97","targetHints":{"allow":["GET"]}}],"collection":[{"href":"http:\/\/awenne.famille-somers.be\/index.php\/wp-json\/wp\/v2\/pages"}],"about":[{"href":"http:\/\/awenne.famille-somers.be\/index.php\/wp-json\/wp\/v2\/types\/page"}],"author":[{"embeddable":true,"href":"http:\/\/awenne.famille-somers.be\/index.php\/wp-json\/wp\/v2\/users\/1"}],"replies":[{"embeddable":true,"href":"http:\/\/awenne.famille-somers.be\/index.php\/wp-json\/wp\/v2\/comments?post=97"}],"version-history":[{"count":1,"href":"http:\/\/awenne.famille-somers.be\/index.php\/wp-json\/wp\/v2\/pages\/97\/revisions"}],"predecessor-version":[{"id":100,"href":"http:\/\/awenne.famille-somers.be\/index.php\/wp-json\/wp\/v2\/pages\/97\/revisions\/100"}],"wp:attachment":[{"href":"http:\/\/awenne.famille-somers.be\/index.php\/wp-json\/wp\/v2\/media?parent=97"}],"curies":[{"name":"wp","href":"https:\/\/api.w.org\/{rel}","templated":true}]}}