{"id":225,"date":"2025-12-17T11:13:11","date_gmt":"2025-12-17T10:13:11","guid":{"rendered":"https:\/\/awenne.famille-somers.be\/?page_id=225"},"modified":"2025-12-17T11:15:51","modified_gmt":"2025-12-17T10:15:51","slug":"fermeture-de-lelectricite","status":"publish","type":"page","link":"https:\/\/awenne.famille-somers.be\/index.php\/fermeture-de-lelectricite\/","title":{"rendered":"Fermeture de l&rsquo;\u00e9lectricit\u00e9"},"content":{"rendered":"\n<p>Fermer le courant \u00e9lectrique (autre que la chaudi\u00e8re, les r\u00e9frig\u00e9rateurs-cong\u00e9lateurs et cl\u00f4ture \u00e9lectrique qui doivent rester aliment\u00e9s en permanence) :<\/p>\n\n\n\n<p>Dans le tableau \u00e9lectrique situ\u00e9 \u00e0 gauche en entrant dans le garage depuis l&rsquo;ext\u00e9rieur, rabaisser l&rsquo;interrupteur triphas\u00e9 \u00e9tiquet\u00e9 ON\/OFF, situ\u00e9 \u00e0 la rang\u00e9e du milieu, tout \u00e0 fait \u00e0 gauche.<\/p>\n\n\n\n<figure class=\"wp-block-image size-full is-resized\"><img decoding=\"async\" src=\"http:\/\/awenne.famille-somers.be\/wp-content\/uploads\/2025\/12\/awenne-ouverture-tableau-electrique-1.heic\" alt=\"\" class=\"wp-image-217\" style=\"width:385px;height:auto\"\/><\/figure>\n\n\n\n<figure class=\"wp-block-image size-full is-resized\"><img decoding=\"async\" src=\"http:\/\/awenne.famille-somers.be\/wp-content\/uploads\/2025\/12\/awenne-tableau-electrique-coupure-courant-1.heic\" alt=\"\" class=\"wp-image-218\" style=\"aspect-ratio:0.7500035859259578;width:420px;height:auto\"\/><\/figure>\n","protected":false},"excerpt":{"rendered":"<p>Fermer le courant \u00e9lectrique (autre que la chaudi\u00e8re, les r\u00e9frig\u00e9rateurs-cong\u00e9lateurs et cl\u00f4ture \u00e9lectrique qui doivent rester aliment\u00e9s en permanence) : Dans le tableau \u00e9lectrique situ\u00e9 \u00e0 gauche en entrant dans le garage depuis l&rsquo;ext\u00e9rieur, rabaisser l&rsquo;interrupteur triphas\u00e9 \u00e9tiquet\u00e9 ON\/OFF, situ\u00e9 \u00e0 la rang\u00e9e du milieu, tout \u00e0 fait \u00e0 gauche.<\/p>\n","protected":false},"author":1,"featured_media":0,"parent":0,"menu_order":0,"comment_status":"closed","ping_status":"closed","template":"","meta":{"_kadence_starter_templates_imported_post":false,"_kad_post_transparent":"","_kad_post_title":"","_kad_post_layout":"","_kad_post_sidebar_id":"","_kad_post_content_style":"","_kad_post_vertical_padding":"","_kad_post_feature":"","_kad_post_feature_position":"","_kad_post_header":false,"_kad_post_footer":false,"_kad_post_classname":"","footnotes":""},"class_list":["post-225","page","type-page","status-publish","hentry"],"_links":{"self":[{"href":"https:\/\/awenne.famille-somers.be\/index.php\/wp-json\/wp\/v2\/pages\/225","targetHints":{"allow":["GET"]}}],"collection":[{"href":"https:\/\/awenne.famille-somers.be\/index.php\/wp-json\/wp\/v2\/pages"}],"about":[{"href":"https:\/\/awenne.famille-somers.be\/index.php\/wp-json\/wp\/v2\/types\/page"}],"author":[{"embeddable":true,"href":"https:\/\/awenne.famille-somers.be\/index.php\/wp-json\/wp\/v2\/users\/1"}],"replies":[{"embeddable":true,"href":"https:\/\/awenne.famille-somers.be\/index.php\/wp-json\/wp\/v2\/comments?post=225"}],"version-history":[{"count":2,"href":"https:\/\/awenne.famille-somers.be\/index.php\/wp-json\/wp\/v2\/pages\/225\/revisions"}],"predecessor-version":[{"id":229,"href":"https:\/\/awenne.famille-somers.be\/index.php\/wp-json\/wp\/v2\/pages\/225\/revisions\/229"}],"wp:attachment":[{"href":"https:\/\/awenne.famille-somers.be\/index.php\/wp-json\/wp\/v2\/media?parent=225"}],"curies":[{"name":"wp","href":"https:\/\/api.w.org\/{rel}","templated":true}]}}